{"id":7511,"date":"2011-10-21T19:16:40","date_gmt":"2011-10-21T18:16:40","guid":{"rendered":"http:\/\/kotzboy.com\/?page_id=7511"},"modified":"2011-10-21T19:16:40","modified_gmt":"2011-10-21T18:16:40","slug":"merch","status":"publish","type":"page","link":"http:\/\/kotzboy.com\/?page_id=7511","title":{"rendered":"merch"},"content":{"rendered":"<p><img loading=\"lazy\" decoding=\"async\" src=\"http:\/\/kotzboy.com\/wp-content\/uploads\/2011\/10\/merch.jpg\" alt=\"\" title=\"merch\" width=\"400\" height=\"300\" class=\"alignnone size-full wp-image-7512\" \/><\/p>\n<p>wer das gerne m\u00f6chte, kann bedruckte textilien von &#8222;<a href=\"http:\/\/kotzboy.com\" target=\"_blank\" rel=\"noopener\">kotzboy<\/a>&#8220; und &#8222;<a href=\"http:\/\/planet-dissi.de\" target=\"_blank\" rel=\"noopener\">planet dissi<\/a>&#8220; erwerben. solche bestellungen sind mangels massennachfrage quasi druckauftr\u00e4ge, &#8222;on demand&#8220;-herstellung. hier liegen keine vorr\u00e4te rum. dadurch kommt leider ein recht hoher einzelpreis zustande, der in etwa den tats\u00e4chlichen druckkosten (inkl. textil) entspricht.<br \/>\ndurch den umzug von berlin zur\u00fcck nach hessen haben sich leider auch die preise erh\u00f6ht.<\/p>\n<p><strong>zu haben sind im prinzip:<\/strong><br \/>\nkotzboy (blau) auf schwarzer stofftasche  12\u20ac<br \/>\nkotzboy (blau) auf schwarzem tshirt 15\u20ac<br \/>\nkotzboy in farbe nach wahl auf textilfarbe nach wahl (unter vorbehalt) 19\u20ac<br \/>\nplanet dissi (schwarz) auf wei\u00dfer stofftasche  11\u20ac<br \/>\nplanet dissi (schwarz) <a href=\"http:\/\/planet-dissi.de\/pdissi_greystyle.jpg\">blass auf grauer stofftasche<\/a> 12\u20ac<br \/>\nplanet dissi (schwarz) auf wei\u00dfem tshirt  14\u20ac <\/p>\n<p>zu jeder bestellung kommt eine portopauschale von 1,45 euro hinzu.<br \/>\nbei einer bestellung von mehreren identischen artikeln kann ich vermutlich nen preisrabatt aushandeln.<\/p>\n<p>die taschen haben alle lange h\u00e4nkel, sind also diese hippen schultertaschen. die tshirts lassen sich in jeder gew\u00fcnschten gr\u00f6\u00dfe (s \/ m \/ l \/ xl) bedrucken.<\/p>\n<p><strong>bei einer bestellung bitte angeben:<\/strong><\/p>\n<p>&#8211; gew\u00fcnschte zahlungsart (m\u00f6glich: \u00fcberweisung oder paypal)<br \/>\n&#8211; vollst\u00e4ndige postalische anschrift<br \/>\n&#8211; gew\u00fcnschte gr\u00f6\u00dfe (in fall von tshirts)<\/p>\n<p>jeder bestellung werden kostenlose kotzboy-aufkleber beigelegt. \ud83d\ude09<\/p>\n<p>f\u00fcr bestellungen benutze bitte das altbekannte <a href=\"http:\/\/kotzboy.com\/?page_id=67\" target=\"_top\" rel=\"noopener\">mail-formular<\/a>.<\/p>\n","protected":false},"excerpt":{"rendered":"<p>wer das gerne m\u00f6chte, kann bedruckte textilien von &#8222;kotzboy&#8220; und &#8222;planet dissi&#8220; erwerben. solche bestellungen sind mangels massennachfrage quasi druckauftr\u00e4ge, &#8222;on demand&#8220;-herstellung. hier liegen keine vorr\u00e4te rum. dadurch kommt leider ein recht hoher einzelpreis zustande, der in etwa den tats\u00e4chlichen druckkosten (inkl. textil) entspricht. durch den umzug von berlin zur\u00fcck nach hessen haben sich leider [&hellip;]<\/p>\n","protected":false},"author":2,"featured_media":0,"parent":0,"menu_order":0,"comment_status":"open","ping_status":"open","template":"","meta":{"footnotes":""},"class_list":["post-7511","page","type-page","status-publish","hentry"],"_links":{"self":[{"href":"http:\/\/kotzboy.com\/index.php?rest_route=\/wp\/v2\/pages\/7511","targetHints":{"allow":["GET"]}}],"collection":[{"href":"http:\/\/kotzboy.com\/index.php?rest_route=\/wp\/v2\/pages"}],"about":[{"href":"http:\/\/kotzboy.com\/index.php?rest_route=\/wp\/v2\/types\/page"}],"author":[{"embeddable":true,"href":"http:\/\/kotzboy.com\/index.php?rest_route=\/wp\/v2\/users\/2"}],"replies":[{"embeddable":true,"href":"http:\/\/kotzboy.com\/index.php?rest_route=%2Fwp%2Fv2%2Fcomments&post=7511"}],"version-history":[{"count":0,"href":"http:\/\/kotzboy.com\/index.php?rest_route=\/wp\/v2\/pages\/7511\/revisions"}],"wp:attachment":[{"href":"http:\/\/kotzboy.com\/index.php?rest_route=%2Fwp%2Fv2%2Fmedia&parent=7511"}],"curies":[{"name":"wp","href":"https:\/\/api.w.org\/{rel}","templated":true}]}}