{"id":67,"date":"2008-09-20T15:23:00","date_gmt":"2008-09-20T14:23:00","guid":{"rendered":"http:\/\/127.0.0.1\/diss4\/?page_id=78"},"modified":"2008-09-20T15:23:00","modified_gmt":"2008-09-20T14:23:00","slug":"mail","status":"publish","type":"page","link":"http:\/\/kotzboy.com\/?page_id=67","title":{"rendered":"mail"},"content":{"rendered":"<p><del datetime=\"2018-05-17T17:26:18+00:00\">mails werden oft beantwortet.<br \/>\nbesonders w\u00fcste beschimpfungen werden unter umst\u00e4nden ver\u00f6ffentlicht.<br \/>\nnat\u00fcrlich ist ansonsten die vertraulichkeit gewahrt. \ud83d\ude09<\/del><\/p>\n<p>vor\u00fcbergehend bitte die mail-funktion der <a href=\"https:\/\/bit.ly\/2IsnpVL\" target=\"_blank\" rel=\"noopener\">&#8222;planet dissi&#8220;-page auf facebook<\/a> benutzen oder e-mail an dissi (Klammeraffe) hiesige domain.<\/p>\n<p>impressum:<br \/>\nstefan kullmann<br \/>\npostfach 440425<br \/>\n12004 berlin<\/p>\n","protected":false},"excerpt":{"rendered":"<p>mails werden oft beantwortet. besonders w\u00fcste beschimpfungen werden unter umst\u00e4nden ver\u00f6ffentlicht. nat\u00fcrlich ist ansonsten die vertraulichkeit gewahrt. \ud83d\ude09 vor\u00fcbergehend bitte die mail-funktion der &#8222;planet dissi&#8220;-page auf facebook benutzen oder e-mail an dissi (Klammeraffe) hiesige domain. impressum: stefan kullmann postfach 440425 12004 berlin<\/p>\n","protected":false},"author":2,"featured_media":0,"parent":0,"menu_order":3,"comment_status":"open","ping_status":"open","template":"","meta":{"footnotes":""},"class_list":["post-67","page","type-page","status-publish","hentry"],"_links":{"self":[{"href":"http:\/\/kotzboy.com\/index.php?rest_route=\/wp\/v2\/pages\/67","targetHints":{"allow":["GET"]}}],"collection":[{"href":"http:\/\/kotzboy.com\/index.php?rest_route=\/wp\/v2\/pages"}],"about":[{"href":"http:\/\/kotzboy.com\/index.php?rest_route=\/wp\/v2\/types\/page"}],"author":[{"embeddable":true,"href":"http:\/\/kotzboy.com\/index.php?rest_route=\/wp\/v2\/users\/2"}],"replies":[{"embeddable":true,"href":"http:\/\/kotzboy.com\/index.php?rest_route=%2Fwp%2Fv2%2Fcomments&post=67"}],"version-history":[{"count":0,"href":"http:\/\/kotzboy.com\/index.php?rest_route=\/wp\/v2\/pages\/67\/revisions"}],"wp:attachment":[{"href":"http:\/\/kotzboy.com\/index.php?rest_route=%2Fwp%2Fv2%2Fmedia&parent=67"}],"curies":[{"name":"wp","href":"https:\/\/api.w.org\/{rel}","templated":true}]}}